{"id":7629,"date":"2019-04-05T07:03:31","date_gmt":"2019-04-05T05:03:31","guid":{"rendered":"http:\/\/www.swiftcupeurope.com\/?page_id=7629"},"modified":"2021-03-24T06:37:05","modified_gmt":"2021-03-24T05:37:05","slug":"letoltes-download","status":"publish","type":"page","link":"https:\/\/www.swiftcupeurope.com\/en\/letoltes-download\/","title":{"rendered":"Let\u00f6lt\u00e9s \/ Download"},"content":{"rendered":"<p>[av_section min_height=&#8221; min_height_px=&#8217;500px&#8217; padding=&#8217;default&#8217; shadow=&#8217;no-border-styling&#8217; bottom_border=&#8217;no-border-styling&#8217; bottom_border_diagonal_color=&#8217;#333333&#8242; bottom_border_diagonal_direction=&#8221; bottom_border_style=&#8221; custom_arrow_bg=&#8221; id=&#8221; color=&#8217;main_color&#8217; background=&#8217;bg_color&#8217; custom_bg=&#8217;#333333&#8242; background_gradient_color1=&#8221; background_gradient_color2=&#8221; background_gradient_direction=&#8217;vertical&#8217; src=&#8217;http:\/\/supercar.s3w.hu\/wp-content\/uploads\/2018\/07\/elvalaszto-2.png&#8217; attachment=&#8217;120&#8242; attachment_size=&#8217;full&#8217; attach=&#8217;scroll&#8217; position=&#8217;top center&#8217; repeat=&#8217;no-repeat&#8217; video=&#8221; video_ratio=&#8217;16:9&#8242; overlay_opacity=&#8217;0.5&#8242; overlay_color=&#8221; overlay_pattern=&#8221; overlay_custom_pattern=&#8221; av_element_hidden_in_editor=&#8217;0&#8242; av_uid=&#8217;av-jjtzeh7h&#8217; custom_class=&#8221;]<\/p>\n<p>[av_one_full first min_height=&#8221; vertical_alignment=&#8217;av-align-top&#8217; space=&#8221; margin=&#8217;0px&#8217; margin_sync=&#8217;true&#8217; link=&#8221; linktarget=&#8221; link_hover=&#8221; padding=&#8217;0px&#8217; padding_sync=&#8217;true&#8217; border=&#8221; border_color=&#8221; radius=&#8217;0px&#8217; radius_sync=&#8217;true&#8217; background=&#8217;bg_color&#8217; background_color=&#8221; background_gradient_color1=&#8221; background_gradient_color2=&#8221; background_gradient_direction=&#8217;vertical&#8217; src=&#8221; attachment=&#8221; attachment_size=&#8221; background_position=&#8217;top left&#8217; background_repeat=&#8217;no-repeat&#8217; animation=&#8221; mobile_breaking=&#8221; mobile_display=&#8221; av_uid=&#8217;av-oaft&#8217; custom_class=&#8221;]<\/p>\n<p>[av_heading tag=&#8217;h1&#8242; padding=&#8217;10&#8217; heading=&#8217;Let\u00f6lt\u00e9s \/ Download&#8217; color=&#8217;custom-color-heading&#8217; style=&#8221; custom_font=&#8217;#ffffff&#8217; size=&#8221; subheading_active=&#8221; subheading_size=&#8217;15&#8217; custom_class=&#8221; admin_preview_bg=&#8221; av-desktop-hide=&#8221; av-medium-hide=&#8221; av-small-hide=&#8221; av-mini-hide=&#8221; av-medium-font-size-title=&#8221; av-small-font-size-title=&#8221; av-mini-font-size-title=&#8221; av-medium-font-size=&#8221; av-small-font-size=&#8221; av-mini-font-size=&#8221; margin=&#8221;][\/av_heading]<\/p>\n<p>[\/av_one_full][av_iconlist position=&#8217;left&#8217; iconlist_styling=&#8221; custom_title_size=&#8221; custom_content_size=&#8221; font_color=&#8221; custom_title=&#8221; custom_content=&#8221; color=&#8221; custom_bg=&#8221; custom_font=&#8221; custom_border=&#8221; av-medium-font-size-title=&#8221; av-small-font-size-title=&#8221; av-mini-font-size-title=&#8221; av-medium-font-size=&#8221; av-small-font-size=&#8221; av-mini-font-size=&#8221; av_uid=&#8217;av-ju3lzk44&#8242; custom_class=&#8221; admin_preview_bg=&#8221;]<br \/>\n[av_iconlist_item title=&#8217;G\u00e9p\u00e1tv\u00e9teli lap&#8217; link=&#8217;manually,http:\/\/www.swiftcupeurope.com\/wp-content\/uploads\/2019\/04\/Ge\u0301patve\u0301teli-lap.xlsx&#8217; linktarget=&#8221; linkelement=&#8217;both&#8217; icon=&#8217;ue84c&#8217; font=&#8217;entypo-fontello&#8217; av_uid=&#8217;av-2b5ry5&#8242;][\/av_iconlist_item]<br \/>\n[av_iconlist_item title=&#8217;Homol\u00f3g lap 1.4 turb\u00f3 \/ homologation sheet 1.4 turbo&#8217; link=&#8217;manually,http:\/\/www.swiftcupeurope.com\/wp-content\/uploads\/2019\/05\/H0119-1.4-Turbo-vizjel.pdf&#8217; linktarget=&#8221; linkelement=&#8217;both&#8217; icon=&#8217;ue84c&#8217; font=&#8217;entypo-fontello&#8217; av_uid=&#8217;av-2bjphp&#8217;][\/av_iconlist_item]<br \/>\n[av_iconlist_item title=&#8217;Technical regulation 2021_Swift Sport 1.6-1.4T&#8217; link=&#8217;manually,http:\/\/www.swiftcupeurope.com\/wp-content\/uploads\/2021\/03\/Technical-regulation-2021_Swift-Sport-1.6-1.4T.pdf&#8217; linktarget=&#8221; linkelement=&#8217;both&#8217; icon=&#8217;ue80f&#8217; font=&#8217;entypo-fontello&#8217; av_uid=&#8217;av-5gvcrx&#8217;][\/av_iconlist_item]<br \/>\n[av_iconlist_item title=&#8217;2021 SPORTING REGULATION_INT_HUN_NEW&#8217; link=&#8217;manually,http:\/\/www.swiftcupeurope.com\/wp-content\/uploads\/2021\/03\/2021-SPORTING-REGULATION_INT_HUN_NEW_02.pdf&#8217; linktarget=&#8221; linkelement=&#8217;both&#8217; icon=&#8217;ue80f&#8217; font=&#8217;entypo-fontello&#8217; av_uid=&#8217;av-4tknvh&#8217;][\/av_iconlist_item]<br \/>\n[av_iconlist_item title=&#8217;2021 SPORTING REGULATION_INT_ENG_NEW&#8217; link=&#8217;manually,http:\/\/www.swiftcupeurope.com\/wp-content\/uploads\/2021\/03\/2021-SPORTING-REGULATION_INT_ENG_NEW_02.pdf&#8217; linktarget=&#8221; linkelement=&#8217;both&#8217; icon=&#8217;ue80f&#8217; font=&#8217;entypo-fontello&#8217; av_uid=&#8217;av-2g314d&#8217;][\/av_iconlist_item]<br \/>\n[av_iconlist_item title=&#8217;registration form 2021&#8242; link=&#8217;manually,http:\/\/www.swiftcupeurope.com\/wp-content\/uploads\/2021\/03\/registration-form-2021.pdf&#8217; linktarget=&#8221; linkelement=&#8217;both&#8217; icon=&#8217;ue80f&#8217; font=&#8217;entypo-fontello&#8217;][\/av_iconlist_item]<br \/>\n[av_iconlist_item title=&#8217;regisztra\u0301cio\u0301s lap 2021&#8242; link=&#8217;manually,http:\/\/www.swiftcupeurope.com\/wp-content\/uploads\/2021\/03\/regisztra\u0301cio\u0301s-lap-2021.pdf&#8217; linktarget=&#8221; linkelement=&#8217;both&#8217; icon=&#8217;ue80f&#8217; font=&#8217;entypo-fontello&#8217;][\/av_iconlist_item]<br \/>\n[av_iconlist_item title=&#8217;neveze\u0301si lap 2021&#8242; link=&#8217;manually,http:\/\/www.swiftcupeurope.com\/wp-content\/uploads\/2021\/03\/neveze\u0301si-lap-2021.pdf&#8217; linktarget=&#8221; linkelement=&#8217;both&#8217; icon=&#8217;ue80f&#8217; font=&#8217;entypo-fontello&#8217;][\/av_iconlist_item]<br \/>\n[av_iconlist_item title=&#8217;entry form 2021&#8242; link=&#8217;manually,http:\/\/www.swiftcupeurope.com\/wp-content\/uploads\/2021\/03\/entry-form-2021.pdf&#8217; linktarget=&#8221; linkelement=&#8217;both&#8217; icon=&#8217;ue80f&#8217; font=&#8217;entypo-fontello&#8217;][\/av_iconlist_item]<br \/>\n[\/av_iconlist]<\/p>\n<p>[\/av_section][av_section min_height=&#8217;custom&#8217; min_height_px=&#8217;227px&#8217; padding=&#8217;no-padding&#8217; shadow=&#8217;no-border-styling&#8217; bottom_border=&#8217;no-border-styling&#8217; bottom_border_diagonal_color=&#8217;#333333&#8242; bottom_border_diagonal_direction=&#8221; bottom_border_style=&#8221; custom_arrow_bg=&#8221; id=&#8221; color=&#8217;main_color&#8217; background=&#8217;bg_color&#8217; custom_bg=&#8217;#333333&#8242; background_gradient_color1=&#8221; background_gradient_color2=&#8221; background_gradient_direction=&#8217;vertical&#8217; src=&#8217;http:\/\/supercar.s3w.hu\/wp-content\/uploads\/2018\/07\/elvalaszto3.png&#8217; attachment=&#8217;146&#8242; attachment_size=&#8217;full&#8217; attach=&#8217;scroll&#8217; position=&#8217;bottom center&#8217; repeat=&#8217;stretch&#8217; video=&#8221; video_ratio=&#8217;16:9&#8242; overlay_opacity=&#8217;0.5&#8242; overlay_color=&#8221; overlay_pattern=&#8221; overlay_custom_pattern=&#8221; av_element_hidden_in_editor=&#8217;0&#8242; av_uid=&#8217;av-jjzmhkob&#8217; custom_class=&#8221;][\/av_section]<\/p>","protected":false},"excerpt":{"rendered":"<p>[av_section min_height=&#8221; min_height_px=&#8217;500px&#8217; padding=&#8217;default&#8217; shadow=&#8217;no-border-styling&#8217; bottom_border=&#8217;no-border-styling&#8217; bottom_border_diagonal_color=&#8217;#333333&#8242; bottom_border_diagonal_direction=&#8221; bottom_border_style=&#8221; custom_arrow_bg=&#8221; id=&#8221; color=&#8217;main_color&#8217; background=&#8217;bg_color&#8217; custom_bg=&#8217;#333333&#8242; background_gradient_color1=&#8221; background_gradient_color2=&#8221; background_gradient_direction=&#8217;vertical&#8217; src=&#8217;http:\/\/supercar.s3w.hu\/wp-content\/uploads\/2018\/07\/elvalaszto-2.png&#8217; attachment=&#8217;120&#8242; attachment_size=&#8217;full&#8217; attach=&#8217;scroll&#8217; position=&#8217;top center&#8217; repeat=&#8217;no-repeat&#8217; video=&#8221; video_ratio=&#8217;16:9&#8242; overlay_opacity=&#8217;0.5&#8242; overlay_color=&#8221; overlay_pattern=&#8221; overlay_custom_pattern=&#8221; av_element_hidden_in_editor=&#8217;0&#8242; av_uid=&#8217;av-jjtzeh7h&#8217; custom_class=&#8221;] [av_one_full first min_height=&#8221; vertical_alignment=&#8217;av-align-top&#8217; space=&#8221; margin=&#8217;0px&#8217; margin_sync=&#8217;true&#8217; link=&#8221; linktarget=&#8221; link_hover=&#8221; padding=&#8217;0px&#8217; padding_sync=&#8217;true&#8217; border=&#8221; border_color=&#8221; radius=&#8217;0px&#8217; radius_sync=&#8217;true&#8217; background=&#8217;bg_color&#8217; background_color=&#8221; background_gradient_color1=&#8221; background_gradient_color2=&#8221; background_gradient_direction=&#8217;vertical&#8217; src=&#8221; [&hellip;]<\/p>","protected":false},"author":2,"featured_media":0,"parent":0,"menu_order":0,"comment_status":"closed","ping_status":"closed","template":"","meta":{"footnotes":""},"yoast_head":"<!-- This site is optimized with the Yoast SEO Premium plugin v21.1 (Yoast SEO v21.7) - https:\/\/yoast.com\/wordpress\/plugins\/seo\/ -->\n<title>Let\u00f6lt\u00e9s \/ Download - FIA Swift Cup Europe<\/title>\n<meta name=\"robots\" content=\"index, follow, max-snippet:-1, max-image-preview:large, max-video-preview:-1\" \/>\n<link rel=\"canonical\" href=\"https:\/\/www.swiftcupeurope.com\/en\/letoltes-download\/\" \/>\n<meta property=\"og:locale\" content=\"en_US\" \/>\n<meta property=\"og:type\" content=\"article\" \/>\n<meta property=\"og:title\" content=\"Let\u00f6lt\u00e9s \/ Download\" \/>\n<meta property=\"og:description\" content=\"[av_section min_height=&#8221; min_height_px=&#8217;500px&#8217; padding=&#8217;default&#8217; shadow=&#8217;no-border-styling&#8217; bottom_border=&#8217;no-border-styling&#8217; bottom_border_diagonal_color=&#8217;#333333&#8242; bottom_border_diagonal_direction=&#8221; bottom_border_style=&#8221; custom_arrow_bg=&#8221; id=&#8221; color=&#8217;main_color&#8217; background=&#8217;bg_color&#8217; custom_bg=&#8217;#333333&#8242; background_gradient_color1=&#8221; background_gradient_color2=&#8221; background_gradient_direction=&#8217;vertical&#8217; src=&#8217;http:\/\/supercar.s3w.hu\/wp-content\/uploads\/2018\/07\/elvalaszto-2.png&#8217; attachment=&#8217;120&#8242; attachment_size=&#8217;full&#8217; attach=&#8217;scroll&#8217; position=&#8217;top center&#8217; repeat=&#8217;no-repeat&#8217; video=&#8221; video_ratio=&#8217;16:9&#8242; overlay_opacity=&#8217;0.5&#8242; overlay_color=&#8221; overlay_pattern=&#8221; overlay_custom_pattern=&#8221; av_element_hidden_in_editor=&#8217;0&#8242; av_uid=&#8217;av-jjtzeh7h&#8217; custom_class=&#8221;] [av_one_full first min_height=&#8221; vertical_alignment=&#8217;av-align-top&#8217; space=&#8221; margin=&#8217;0px&#8217; margin_sync=&#8217;true&#8217; link=&#8221; linktarget=&#8221; link_hover=&#8221; padding=&#8217;0px&#8217; padding_sync=&#8217;true&#8217; border=&#8221; border_color=&#8221; radius=&#8217;0px&#8217; radius_sync=&#8217;true&#8217; background=&#8217;bg_color&#8217; background_color=&#8221; background_gradient_color1=&#8221; background_gradient_color2=&#8221; background_gradient_direction=&#8217;vertical&#8217; src=&#8221; [&hellip;]\" \/>\n<meta property=\"og:url\" content=\"https:\/\/www.swiftcupeurope.com\/en\/letoltes-download\/\" \/>\n<meta property=\"og:site_name\" content=\"FIA Swift Cup Europe\" \/>\n<meta property=\"article:modified_time\" content=\"2021-03-24T05:37:05+00:00\" \/>\n<meta name=\"twitter:card\" content=\"summary_large_image\" \/>\n<meta name=\"twitter:label1\" content=\"Est. reading time\" \/>\n\t<meta name=\"twitter:data1\" content=\"4 minutes\" \/>\n<script type=\"application\/ld+json\" class=\"yoast-schema-graph\">{\"@context\":\"https:\/\/schema.org\",\"@graph\":[{\"@type\":\"WebPage\",\"@id\":\"https:\/\/www.swiftcupeurope.com\/letoltes-download\/\",\"url\":\"https:\/\/www.swiftcupeurope.com\/letoltes-download\/\",\"name\":\"Let\u00f6lt\u00e9s \/ Download - FIA Swift Cup Europe\",\"isPartOf\":{\"@id\":\"https:\/\/www.swiftcupeurope.com\/#website\"},\"datePublished\":\"2019-04-05T05:03:31+00:00\",\"dateModified\":\"2021-03-24T05:37:05+00:00\",\"breadcrumb\":{\"@id\":\"https:\/\/www.swiftcupeurope.com\/letoltes-download\/#breadcrumb\"},\"inLanguage\":\"en-US\",\"potentialAction\":[{\"@type\":\"ReadAction\",\"target\":[\"https:\/\/www.swiftcupeurope.com\/letoltes-download\/\"]}]},{\"@type\":\"BreadcrumbList\",\"@id\":\"https:\/\/www.swiftcupeurope.com\/letoltes-download\/#breadcrumb\",\"itemListElement\":[{\"@type\":\"ListItem\",\"position\":1,\"name\":\"Kezd\u0151lap\",\"item\":\"https:\/\/www.swiftcupeurope.com\/\"},{\"@type\":\"ListItem\",\"position\":2,\"name\":\"Let\u00f6lt\u00e9s \/ Download\"}]},{\"@type\":\"WebSite\",\"@id\":\"https:\/\/www.swiftcupeurope.com\/#website\",\"url\":\"https:\/\/www.swiftcupeurope.com\/\",\"name\":\"FIA Swift Cup Europe\",\"description\":\"FIA Swift Cup Europe \/ Official Website\",\"publisher\":{\"@id\":\"https:\/\/www.swiftcupeurope.com\/#organization\"},\"potentialAction\":[{\"@type\":\"SearchAction\",\"target\":{\"@type\":\"EntryPoint\",\"urlTemplate\":\"https:\/\/www.swiftcupeurope.com\/?s={search_term_string}\"},\"query-input\":\"required name=search_term_string\"}],\"inLanguage\":\"en-US\"},{\"@type\":\"Organization\",\"@id\":\"https:\/\/www.swiftcupeurope.com\/#organization\",\"name\":\"FIA Swift Cup Europe\",\"url\":\"https:\/\/www.swiftcupeurope.com\/\",\"logo\":{\"@type\":\"ImageObject\",\"inLanguage\":\"en-US\",\"@id\":\"https:\/\/www.swiftcupeurope.com\/#\/schema\/logo\/image\/\",\"url\":\"https:\/\/www.swiftcupeurope.com\/wp-content\/uploads\/2021\/04\/cropped-sce_logo_2021inv.png\",\"contentUrl\":\"https:\/\/www.swiftcupeurope.com\/wp-content\/uploads\/2021\/04\/cropped-sce_logo_2021inv.png\",\"width\":600,\"height\":120,\"caption\":\"FIA Swift Cup Europe\"},\"image\":{\"@id\":\"https:\/\/www.swiftcupeurope.com\/#\/schema\/logo\/image\/\"}}]}<\/script>\n<!-- \/ Yoast SEO Premium plugin. -->","yoast_head_json":{"title":"Let\u00f6lt\u00e9s \/ Download - FIA Swift Cup Europe","robots":{"index":"index","follow":"follow","max-snippet":"max-snippet:-1","max-image-preview":"max-image-preview:large","max-video-preview":"max-video-preview:-1"},"canonical":"https:\/\/www.swiftcupeurope.com\/en\/letoltes-download\/","og_locale":"en_US","og_type":"article","og_title":"Let\u00f6lt\u00e9s \/ Download","og_description":"[av_section min_height=&#8221; min_height_px=&#8217;500px&#8217; padding=&#8217;default&#8217; shadow=&#8217;no-border-styling&#8217; bottom_border=&#8217;no-border-styling&#8217; bottom_border_diagonal_color=&#8217;#333333&#8242; bottom_border_diagonal_direction=&#8221; bottom_border_style=&#8221; custom_arrow_bg=&#8221; id=&#8221; color=&#8217;main_color&#8217; background=&#8217;bg_color&#8217; custom_bg=&#8217;#333333&#8242; background_gradient_color1=&#8221; background_gradient_color2=&#8221; background_gradient_direction=&#8217;vertical&#8217; src=&#8217;http:\/\/supercar.s3w.hu\/wp-content\/uploads\/2018\/07\/elvalaszto-2.png&#8217; attachment=&#8217;120&#8242; attachment_size=&#8217;full&#8217; attach=&#8217;scroll&#8217; position=&#8217;top center&#8217; repeat=&#8217;no-repeat&#8217; video=&#8221; video_ratio=&#8217;16:9&#8242; overlay_opacity=&#8217;0.5&#8242; overlay_color=&#8221; overlay_pattern=&#8221; overlay_custom_pattern=&#8221; av_element_hidden_in_editor=&#8217;0&#8242; av_uid=&#8217;av-jjtzeh7h&#8217; custom_class=&#8221;] [av_one_full first min_height=&#8221; vertical_alignment=&#8217;av-align-top&#8217; space=&#8221; margin=&#8217;0px&#8217; margin_sync=&#8217;true&#8217; link=&#8221; linktarget=&#8221; link_hover=&#8221; padding=&#8217;0px&#8217; padding_sync=&#8217;true&#8217; border=&#8221; border_color=&#8221; radius=&#8217;0px&#8217; radius_sync=&#8217;true&#8217; background=&#8217;bg_color&#8217; background_color=&#8221; background_gradient_color1=&#8221; background_gradient_color2=&#8221; background_gradient_direction=&#8217;vertical&#8217; src=&#8221; [&hellip;]","og_url":"https:\/\/www.swiftcupeurope.com\/en\/letoltes-download\/","og_site_name":"FIA Swift Cup Europe","article_modified_time":"2021-03-24T05:37:05+00:00","twitter_card":"summary_large_image","twitter_misc":{"Est. reading time":"4 minutes"},"schema":{"@context":"https:\/\/schema.org","@graph":[{"@type":"WebPage","@id":"https:\/\/www.swiftcupeurope.com\/letoltes-download\/","url":"https:\/\/www.swiftcupeurope.com\/letoltes-download\/","name":"Let\u00f6lt\u00e9s \/ Download - FIA Swift Cup Europe","isPartOf":{"@id":"https:\/\/www.swiftcupeurope.com\/#website"},"datePublished":"2019-04-05T05:03:31+00:00","dateModified":"2021-03-24T05:37:05+00:00","breadcrumb":{"@id":"https:\/\/www.swiftcupeurope.com\/letoltes-download\/#breadcrumb"},"inLanguage":"en-US","potentialAction":[{"@type":"ReadAction","target":["https:\/\/www.swiftcupeurope.com\/letoltes-download\/"]}]},{"@type":"BreadcrumbList","@id":"https:\/\/www.swiftcupeurope.com\/letoltes-download\/#breadcrumb","itemListElement":[{"@type":"ListItem","position":1,"name":"Kezd\u0151lap","item":"https:\/\/www.swiftcupeurope.com\/"},{"@type":"ListItem","position":2,"name":"Let\u00f6lt\u00e9s \/ Download"}]},{"@type":"WebSite","@id":"https:\/\/www.swiftcupeurope.com\/#website","url":"https:\/\/www.swiftcupeurope.com\/","name":"FIA Swift Cup Europe","description":"FIA Swift Cup Europe \/ Official Website","publisher":{"@id":"https:\/\/www.swiftcupeurope.com\/#organization"},"potentialAction":[{"@type":"SearchAction","target":{"@type":"EntryPoint","urlTemplate":"https:\/\/www.swiftcupeurope.com\/?s={search_term_string}"},"query-input":"required name=search_term_string"}],"inLanguage":"en-US"},{"@type":"Organization","@id":"https:\/\/www.swiftcupeurope.com\/#organization","name":"FIA Swift Cup Europe","url":"https:\/\/www.swiftcupeurope.com\/","logo":{"@type":"ImageObject","inLanguage":"en-US","@id":"https:\/\/www.swiftcupeurope.com\/#\/schema\/logo\/image\/","url":"https:\/\/www.swiftcupeurope.com\/wp-content\/uploads\/2021\/04\/cropped-sce_logo_2021inv.png","contentUrl":"https:\/\/www.swiftcupeurope.com\/wp-content\/uploads\/2021\/04\/cropped-sce_logo_2021inv.png","width":600,"height":120,"caption":"FIA Swift Cup Europe"},"image":{"@id":"https:\/\/www.swiftcupeurope.com\/#\/schema\/logo\/image\/"}}]}},"_links":{"self":[{"href":"https:\/\/www.swiftcupeurope.com\/en\/wp-json\/wp\/v2\/pages\/7629"}],"collection":[{"href":"https:\/\/www.swiftcupeurope.com\/en\/wp-json\/wp\/v2\/pages"}],"about":[{"href":"https:\/\/www.swiftcupeurope.com\/en\/wp-json\/wp\/v2\/types\/page"}],"author":[{"embeddable":true,"href":"https:\/\/www.swiftcupeurope.com\/en\/wp-json\/wp\/v2\/users\/2"}],"replies":[{"embeddable":true,"href":"https:\/\/www.swiftcupeurope.com\/en\/wp-json\/wp\/v2\/comments?post=7629"}],"version-history":[{"count":15,"href":"https:\/\/www.swiftcupeurope.com\/en\/wp-json\/wp\/v2\/pages\/7629\/revisions"}],"predecessor-version":[{"id":13244,"href":"https:\/\/www.swiftcupeurope.com\/en\/wp-json\/wp\/v2\/pages\/7629\/revisions\/13244"}],"wp:attachment":[{"href":"https:\/\/www.swiftcupeurope.com\/en\/wp-json\/wp\/v2\/media?parent=7629"}],"curies":[{"name":"wp","href":"https:\/\/api.w.org\/{rel}","templated":true}]}}