{"id":19999,"date":"2026-03-17T12:09:27","date_gmt":"2026-03-17T11:09:27","guid":{"rendered":"https:\/\/www.swiftcupeurope.com\/?page_id=19999"},"modified":"2026-03-17T21:48:28","modified_gmt":"2026-03-17T20:48:28","slug":"prezentacio-2026","status":"publish","type":"page","link":"https:\/\/www.swiftcupeurope.com\/en\/prezentacio-2026\/","title":{"rendered":"Presentation"},"content":{"rendered":"<div data-elementor-type=\"wp-page\" data-elementor-id=\"19999\" class=\"elementor elementor-19999\">\n\t\t\t\t\t\t\t<div class=\"elementor-element elementor-element-8f41a3c e-con-full e-flex e-con e-parent\" data-id=\"8f41a3c\" data-element_type=\"container\" data-settings=\"{&quot;content_width&quot;:&quot;full&quot;,&quot;container_type&quot;:&quot;flex&quot;}\" data-core-v316-plus=\"true\">\n\t\t\t\t<div class=\"elementor-element elementor-element-984aa3e elementor-widget elementor-widget-image\" data-id=\"984aa3e\" data-element_type=\"widget\" data-widget_type=\"image.default\">\n\t\t\t\t<div class=\"elementor-widget-container\">\n\t\t\t<style>\/*! elementor - v3.18.0 - 20-12-2023 *\/\n.elementor-widget-image{text-align:center}.elementor-widget-image a{display:inline-block}.elementor-widget-image a img[src$=\".svg\"]{width:48px}.elementor-widget-image img{vertical-align:middle;display:inline-block}<\/style>\t\t\t\t\t\t\t\t\t\t\t\t<img fetchpriority=\"high\" decoding=\"async\" width=\"2560\" height=\"1440\" src=\"https:\/\/www.swiftcupeurope.com\/wp-content\/uploads\/2026\/03\/SCE2026_EN_01-1-scaled.jpg\" class=\"attachment-full size-full wp-image-20017\" alt=\"\" srcset=\"https:\/\/www.swiftcupeurope.com\/wp-content\/uploads\/2026\/03\/SCE2026_EN_01-1-scaled.jpg 2560w, https:\/\/www.swiftcupeurope.com\/wp-content\/uploads\/2026\/03\/SCE2026_EN_01-1-300x169.jpg 300w, https:\/\/www.swiftcupeurope.com\/wp-content\/uploads\/2026\/03\/SCE2026_EN_01-1-1030x579.jpg 1030w, https:\/\/www.swiftcupeurope.com\/wp-content\/uploads\/2026\/03\/SCE2026_EN_01-1-768x432.jpg 768w, https:\/\/www.swiftcupeurope.com\/wp-content\/uploads\/2026\/03\/SCE2026_EN_01-1-1536x864.jpg 1536w, https:\/\/www.swiftcupeurope.com\/wp-content\/uploads\/2026\/03\/SCE2026_EN_01-1-2048x1152.jpg 2048w, https:\/\/www.swiftcupeurope.com\/wp-content\/uploads\/2026\/03\/SCE2026_EN_01-1-18x10.jpg 18w\" sizes=\"(max-width: 2560px) 100vw, 2560px\" \/>\t\t\t\t\t\t\t\t\t\t\t\t\t\t\t<\/div>\n\t\t\t\t<\/div>\n\t\t\t\t<div class=\"elementor-element elementor-element-682361c elementor-widget elementor-widget-image\" data-id=\"682361c\" data-element_type=\"widget\" data-widget_type=\"image.default\">\n\t\t\t\t<div class=\"elementor-widget-container\">\n\t\t\t\t\t\t\t\t\t\t\t\t\t\t\t<img decoding=\"async\" width=\"2560\" height=\"1440\" src=\"https:\/\/www.swiftcupeurope.com\/wp-content\/uploads\/2026\/03\/SCE2026_EN_02-1-scaled.jpg\" class=\"attachment-full size-full wp-image-20018\" alt=\"\" srcset=\"https:\/\/www.swiftcupeurope.com\/wp-content\/uploads\/2026\/03\/SCE2026_EN_02-1-scaled.jpg 2560w, https:\/\/www.swiftcupeurope.com\/wp-content\/uploads\/2026\/03\/SCE2026_EN_02-1-300x169.jpg 300w, https:\/\/www.swiftcupeurope.com\/wp-content\/uploads\/2026\/03\/SCE2026_EN_02-1-1030x579.jpg 1030w, https:\/\/www.swiftcupeurope.com\/wp-content\/uploads\/2026\/03\/SCE2026_EN_02-1-768x432.jpg 768w, https:\/\/www.swiftcupeurope.com\/wp-content\/uploads\/2026\/03\/SCE2026_EN_02-1-1536x864.jpg 1536w, https:\/\/www.swiftcupeurope.com\/wp-content\/uploads\/2026\/03\/SCE2026_EN_02-1-2048x1152.jpg 2048w, https:\/\/www.swiftcupeurope.com\/wp-content\/uploads\/2026\/03\/SCE2026_EN_02-1-18x10.jpg 18w\" sizes=\"(max-width: 2560px) 100vw, 2560px\" \/>\t\t\t\t\t\t\t\t\t\t\t\t\t\t\t<\/div>\n\t\t\t\t<\/div>\n\t\t\t\t<div class=\"elementor-element elementor-element-ed6f604 elementor-widget elementor-widget-image\" data-id=\"ed6f604\" data-element_type=\"widget\" data-widget_type=\"image.default\">\n\t\t\t\t<div class=\"elementor-widget-container\">\n\t\t\t\t\t\t\t\t\t\t\t\t\t\t\t<img decoding=\"async\" width=\"2560\" height=\"1440\" src=\"https:\/\/www.swiftcupeurope.com\/wp-content\/uploads\/2026\/03\/SCE2026_EN_03-1-scaled.jpg\" class=\"attachment-full size-full wp-image-20019\" alt=\"\" srcset=\"https:\/\/www.swiftcupeurope.com\/wp-content\/uploads\/2026\/03\/SCE2026_EN_03-1-scaled.jpg 2560w, https:\/\/www.swiftcupeurope.com\/wp-content\/uploads\/2026\/03\/SCE2026_EN_03-1-300x169.jpg 300w, https:\/\/www.swiftcupeurope.com\/wp-content\/uploads\/2026\/03\/SCE2026_EN_03-1-1030x579.jpg 1030w, https:\/\/www.swiftcupeurope.com\/wp-content\/uploads\/2026\/03\/SCE2026_EN_03-1-768x432.jpg 768w, https:\/\/www.swiftcupeurope.com\/wp-content\/uploads\/2026\/03\/SCE2026_EN_03-1-1536x864.jpg 1536w, https:\/\/www.swiftcupeurope.com\/wp-content\/uploads\/2026\/03\/SCE2026_EN_03-1-2048x1152.jpg 2048w, https:\/\/www.swiftcupeurope.com\/wp-content\/uploads\/2026\/03\/SCE2026_EN_03-1-18x10.jpg 18w\" sizes=\"(max-width: 2560px) 100vw, 2560px\" \/>\t\t\t\t\t\t\t\t\t\t\t\t\t\t\t<\/div>\n\t\t\t\t<\/div>\n\t\t\t\t<div class=\"elementor-element elementor-element-0507447 elementor-widget elementor-widget-image\" data-id=\"0507447\" data-element_type=\"widget\" data-widget_type=\"image.default\">\n\t\t\t\t<div class=\"elementor-widget-container\">\n\t\t\t\t\t\t\t\t\t\t\t\t\t\t\t<img loading=\"lazy\" decoding=\"async\" width=\"2560\" height=\"1440\" src=\"https:\/\/www.swiftcupeurope.com\/wp-content\/uploads\/2026\/03\/SCE2026_EN_04-1-scaled.jpg\" class=\"attachment-full size-full wp-image-20020\" alt=\"\" srcset=\"https:\/\/www.swiftcupeurope.com\/wp-content\/uploads\/2026\/03\/SCE2026_EN_04-1-scaled.jpg 2560w, https:\/\/www.swiftcupeurope.com\/wp-content\/uploads\/2026\/03\/SCE2026_EN_04-1-300x169.jpg 300w, https:\/\/www.swiftcupeurope.com\/wp-content\/uploads\/2026\/03\/SCE2026_EN_04-1-1030x579.jpg 1030w, https:\/\/www.swiftcupeurope.com\/wp-content\/uploads\/2026\/03\/SCE2026_EN_04-1-768x432.jpg 768w, https:\/\/www.swiftcupeurope.com\/wp-content\/uploads\/2026\/03\/SCE2026_EN_04-1-1536x864.jpg 1536w, https:\/\/www.swiftcupeurope.com\/wp-content\/uploads\/2026\/03\/SCE2026_EN_04-1-2048x1152.jpg 2048w, https:\/\/www.swiftcupeurope.com\/wp-content\/uploads\/2026\/03\/SCE2026_EN_04-1-18x10.jpg 18w\" sizes=\"(max-width: 2560px) 100vw, 2560px\" \/>\t\t\t\t\t\t\t\t\t\t\t\t\t\t\t<\/div>\n\t\t\t\t<\/div>\n\t\t\t\t<div class=\"elementor-element elementor-element-db85dba elementor-widget elementor-widget-image\" data-id=\"db85dba\" data-element_type=\"widget\" data-widget_type=\"image.default\">\n\t\t\t\t<div class=\"elementor-widget-container\">\n\t\t\t\t\t\t\t\t\t\t\t\t\t\t\t<img loading=\"lazy\" decoding=\"async\" width=\"2560\" height=\"1440\" src=\"https:\/\/www.swiftcupeurope.com\/wp-content\/uploads\/2026\/03\/SCE2026_EN_04B-1-scaled.jpg\" class=\"attachment-full size-full wp-image-20021\" alt=\"\" srcset=\"https:\/\/www.swiftcupeurope.com\/wp-content\/uploads\/2026\/03\/SCE2026_EN_04B-1-scaled.jpg 2560w, https:\/\/www.swiftcupeurope.com\/wp-content\/uploads\/2026\/03\/SCE2026_EN_04B-1-300x169.jpg 300w, https:\/\/www.swiftcupeurope.com\/wp-content\/uploads\/2026\/03\/SCE2026_EN_04B-1-1030x579.jpg 1030w, https:\/\/www.swiftcupeurope.com\/wp-content\/uploads\/2026\/03\/SCE2026_EN_04B-1-768x432.jpg 768w, https:\/\/www.swiftcupeurope.com\/wp-content\/uploads\/2026\/03\/SCE2026_EN_04B-1-1536x864.jpg 1536w, https:\/\/www.swiftcupeurope.com\/wp-content\/uploads\/2026\/03\/SCE2026_EN_04B-1-2048x1152.jpg 2048w, https:\/\/www.swiftcupeurope.com\/wp-content\/uploads\/2026\/03\/SCE2026_EN_04B-1-18x10.jpg 18w\" sizes=\"(max-width: 2560px) 100vw, 2560px\" \/>\t\t\t\t\t\t\t\t\t\t\t\t\t\t\t<\/div>\n\t\t\t\t<\/div>\n\t\t\t\t<div class=\"elementor-element elementor-element-ce7c569 elementor-widget elementor-widget-image\" data-id=\"ce7c569\" data-element_type=\"widget\" data-widget_type=\"image.default\">\n\t\t\t\t<div class=\"elementor-widget-container\">\n\t\t\t\t\t\t\t\t\t\t\t\t\t\t\t<img loading=\"lazy\" decoding=\"async\" width=\"2560\" height=\"1440\" src=\"https:\/\/www.swiftcupeurope.com\/wp-content\/uploads\/2026\/03\/SCE2026_EN_04C-1-scaled.jpg\" class=\"attachment-full size-full wp-image-20022\" alt=\"\" srcset=\"https:\/\/www.swiftcupeurope.com\/wp-content\/uploads\/2026\/03\/SCE2026_EN_04C-1-scaled.jpg 2560w, https:\/\/www.swiftcupeurope.com\/wp-content\/uploads\/2026\/03\/SCE2026_EN_04C-1-300x169.jpg 300w, https:\/\/www.swiftcupeurope.com\/wp-content\/uploads\/2026\/03\/SCE2026_EN_04C-1-1030x579.jpg 1030w, https:\/\/www.swiftcupeurope.com\/wp-content\/uploads\/2026\/03\/SCE2026_EN_04C-1-768x432.jpg 768w, https:\/\/www.swiftcupeurope.com\/wp-content\/uploads\/2026\/03\/SCE2026_EN_04C-1-1536x864.jpg 1536w, https:\/\/www.swiftcupeurope.com\/wp-content\/uploads\/2026\/03\/SCE2026_EN_04C-1-2048x1152.jpg 2048w, https:\/\/www.swiftcupeurope.com\/wp-content\/uploads\/2026\/03\/SCE2026_EN_04C-1-18x10.jpg 18w\" sizes=\"(max-width: 2560px) 100vw, 2560px\" \/>\t\t\t\t\t\t\t\t\t\t\t\t\t\t\t<\/div>\n\t\t\t\t<\/div>\n\t\t\t\t<div class=\"elementor-element elementor-element-bab424b elementor-widget elementor-widget-image\" data-id=\"bab424b\" data-element_type=\"widget\" data-widget_type=\"image.default\">\n\t\t\t\t<div class=\"elementor-widget-container\">\n\t\t\t\t\t\t\t\t\t\t\t\t\t\t\t<img loading=\"lazy\" decoding=\"async\" width=\"2560\" height=\"1440\" src=\"https:\/\/www.swiftcupeurope.com\/wp-content\/uploads\/2026\/03\/SCE2026_EN_05-scaled.jpg\" class=\"attachment-full size-full wp-image-20007\" alt=\"\" srcset=\"https:\/\/www.swiftcupeurope.com\/wp-content\/uploads\/2026\/03\/SCE2026_EN_05-scaled.jpg 2560w, https:\/\/www.swiftcupeurope.com\/wp-content\/uploads\/2026\/03\/SCE2026_EN_05-300x169.jpg 300w, https:\/\/www.swiftcupeurope.com\/wp-content\/uploads\/2026\/03\/SCE2026_EN_05-1030x579.jpg 1030w, https:\/\/www.swiftcupeurope.com\/wp-content\/uploads\/2026\/03\/SCE2026_EN_05-768x432.jpg 768w, https:\/\/www.swiftcupeurope.com\/wp-content\/uploads\/2026\/03\/SCE2026_EN_05-1536x864.jpg 1536w, https:\/\/www.swiftcupeurope.com\/wp-content\/uploads\/2026\/03\/SCE2026_EN_05-2048x1152.jpg 2048w, https:\/\/www.swiftcupeurope.com\/wp-content\/uploads\/2026\/03\/SCE2026_EN_05-18x10.jpg 18w\" sizes=\"(max-width: 2560px) 100vw, 2560px\" \/>\t\t\t\t\t\t\t\t\t\t\t\t\t\t\t<\/div>\n\t\t\t\t<\/div>\n\t\t\t\t<div class=\"elementor-element elementor-element-89fca23 elementor-widget elementor-widget-image\" data-id=\"89fca23\" data-element_type=\"widget\" data-widget_type=\"image.default\">\n\t\t\t\t<div class=\"elementor-widget-container\">\n\t\t\t\t\t\t\t\t\t\t\t\t\t\t\t<img loading=\"lazy\" decoding=\"async\" width=\"2560\" height=\"1440\" src=\"https:\/\/www.swiftcupeurope.com\/wp-content\/uploads\/2026\/03\/SCE2026_EN_06-scaled.jpg\" class=\"attachment-full size-full wp-image-20008\" alt=\"\" srcset=\"https:\/\/www.swiftcupeurope.com\/wp-content\/uploads\/2026\/03\/SCE2026_EN_06-scaled.jpg 2560w, https:\/\/www.swiftcupeurope.com\/wp-content\/uploads\/2026\/03\/SCE2026_EN_06-300x169.jpg 300w, https:\/\/www.swiftcupeurope.com\/wp-content\/uploads\/2026\/03\/SCE2026_EN_06-1030x579.jpg 1030w, https:\/\/www.swiftcupeurope.com\/wp-content\/uploads\/2026\/03\/SCE2026_EN_06-768x432.jpg 768w, https:\/\/www.swiftcupeurope.com\/wp-content\/uploads\/2026\/03\/SCE2026_EN_06-1536x864.jpg 1536w, https:\/\/www.swiftcupeurope.com\/wp-content\/uploads\/2026\/03\/SCE2026_EN_06-2048x1152.jpg 2048w, https:\/\/www.swiftcupeurope.com\/wp-content\/uploads\/2026\/03\/SCE2026_EN_06-18x10.jpg 18w\" sizes=\"(max-width: 2560px) 100vw, 2560px\" \/>\t\t\t\t\t\t\t\t\t\t\t\t\t\t\t<\/div>\n\t\t\t\t<\/div>\n\t\t\t\t<div class=\"elementor-element elementor-element-c29dee0 elementor-widget elementor-widget-image\" data-id=\"c29dee0\" data-element_type=\"widget\" data-widget_type=\"image.default\">\n\t\t\t\t<div class=\"elementor-widget-container\">\n\t\t\t\t\t\t\t\t\t\t\t\t\t\t\t<img loading=\"lazy\" decoding=\"async\" width=\"2560\" height=\"1440\" src=\"https:\/\/www.swiftcupeurope.com\/wp-content\/uploads\/2026\/03\/SCE2026_EN_07-scaled.jpg\" class=\"attachment-full size-full wp-image-20009\" alt=\"\" srcset=\"https:\/\/www.swiftcupeurope.com\/wp-content\/uploads\/2026\/03\/SCE2026_EN_07-scaled.jpg 2560w, https:\/\/www.swiftcupeurope.com\/wp-content\/uploads\/2026\/03\/SCE2026_EN_07-300x169.jpg 300w, https:\/\/www.swiftcupeurope.com\/wp-content\/uploads\/2026\/03\/SCE2026_EN_07-1030x579.jpg 1030w, https:\/\/www.swiftcupeurope.com\/wp-content\/uploads\/2026\/03\/SCE2026_EN_07-768x432.jpg 768w, https:\/\/www.swiftcupeurope.com\/wp-content\/uploads\/2026\/03\/SCE2026_EN_07-1536x864.jpg 1536w, https:\/\/www.swiftcupeurope.com\/wp-content\/uploads\/2026\/03\/SCE2026_EN_07-2048x1152.jpg 2048w, https:\/\/www.swiftcupeurope.com\/wp-content\/uploads\/2026\/03\/SCE2026_EN_07-18x10.jpg 18w\" sizes=\"(max-width: 2560px) 100vw, 2560px\" \/>\t\t\t\t\t\t\t\t\t\t\t\t\t\t\t<\/div>\n\t\t\t\t<\/div>\n\t\t\t\t<div class=\"elementor-element elementor-element-526d156 elementor-widget elementor-widget-image\" data-id=\"526d156\" data-element_type=\"widget\" data-widget_type=\"image.default\">\n\t\t\t\t<div class=\"elementor-widget-container\">\n\t\t\t\t\t\t\t\t\t\t\t\t\t\t\t<img loading=\"lazy\" decoding=\"async\" width=\"2560\" height=\"1440\" src=\"https:\/\/www.swiftcupeurope.com\/wp-content\/uploads\/2026\/03\/SCE2026_EN_08-scaled.jpg\" class=\"attachment-full size-full wp-image-20010\" alt=\"\" srcset=\"https:\/\/www.swiftcupeurope.com\/wp-content\/uploads\/2026\/03\/SCE2026_EN_08-scaled.jpg 2560w, https:\/\/www.swiftcupeurope.com\/wp-content\/uploads\/2026\/03\/SCE2026_EN_08-300x169.jpg 300w, https:\/\/www.swiftcupeurope.com\/wp-content\/uploads\/2026\/03\/SCE2026_EN_08-1030x579.jpg 1030w, https:\/\/www.swiftcupeurope.com\/wp-content\/uploads\/2026\/03\/SCE2026_EN_08-768x432.jpg 768w, https:\/\/www.swiftcupeurope.com\/wp-content\/uploads\/2026\/03\/SCE2026_EN_08-1536x864.jpg 1536w, https:\/\/www.swiftcupeurope.com\/wp-content\/uploads\/2026\/03\/SCE2026_EN_08-2048x1152.jpg 2048w, https:\/\/www.swiftcupeurope.com\/wp-content\/uploads\/2026\/03\/SCE2026_EN_08-18x10.jpg 18w\" sizes=\"(max-width: 2560px) 100vw, 2560px\" \/>\t\t\t\t\t\t\t\t\t\t\t\t\t\t\t<\/div>\n\t\t\t\t<\/div>\n\t\t<div class=\"elementor-element elementor-element-950f55d e-grid e-con-boxed e-con e-child\" data-id=\"950f55d\" data-element_type=\"container\" data-settings=\"{&quot;container_type&quot;:&quot;grid&quot;,&quot;grid_columns_grid&quot;:{&quot;unit&quot;:&quot;fr&quot;,&quot;size&quot;:2,&quot;sizes&quot;:[]},&quot;grid_columns_grid_mobile&quot;:{&quot;unit&quot;:&quot;fr&quot;,&quot;size&quot;:2,&quot;sizes&quot;:[]},&quot;grid_rows_grid&quot;:{&quot;unit&quot;:&quot;fr&quot;,&quot;size&quot;:1,&quot;sizes&quot;:[]},&quot;background_background&quot;:&quot;classic&quot;,&quot;content_width&quot;:&quot;boxed&quot;,&quot;grid_outline&quot;:&quot;yes&quot;,&quot;grid_columns_grid_tablet&quot;:{&quot;unit&quot;:&quot;fr&quot;,&quot;size&quot;:&quot;&quot;,&quot;sizes&quot;:[]},&quot;grid_rows_grid_tablet&quot;:{&quot;unit&quot;:&quot;fr&quot;,&quot;size&quot;:&quot;&quot;,&quot;sizes&quot;:[]},&quot;grid_rows_grid_mobile&quot;:{&quot;unit&quot;:&quot;fr&quot;,&quot;size&quot;:&quot;&quot;,&quot;sizes&quot;:[]},&quot;grid_auto_flow&quot;:&quot;row&quot;,&quot;grid_auto_flow_tablet&quot;:&quot;row&quot;,&quot;grid_auto_flow_mobile&quot;:&quot;row&quot;}\" data-e-bg-lazyload=\"\">\n\t\t\t\t\t<div class=\"e-con-inner\">\n\t\t\t\t<div class=\"elementor-element elementor-element-8b219fb elementor-align-center elementor-widget elementor-widget-button\" data-id=\"8b219fb\" data-element_type=\"widget\" data-widget_type=\"button.default\">\n\t\t\t\t<div class=\"elementor-widget-container\">\n\t\t\t\t\t<div class=\"elementor-button-wrapper\">\n\t\t\t<a class=\"elementor-button elementor-button-link elementor-size-sm\" href=\"mailto:eva.tanczos@gfs.hu\">\n\t\t\t\t\t\t<span class=\"elementor-button-content-wrapper\">\n\t\t\t\t\t\t<span class=\"elementor-button-text\">Email<\/span>\n\t\t<\/span>\n\t\t\t\t\t<\/a>\n\t\t<\/div>\n\t\t\t\t<\/div>\n\t\t\t\t<\/div>\n\t\t\t\t<div class=\"elementor-element elementor-element-0c0e69b elementor-align-center elementor-widget elementor-widget-button\" data-id=\"0c0e69b\" data-element_type=\"widget\" data-widget_type=\"button.default\">\n\t\t\t\t<div class=\"elementor-widget-container\">\n\t\t\t\t\t<div class=\"elementor-button-wrapper\">\n\t\t\t<a class=\"elementor-button elementor-button-link elementor-size-sm\" href=\"https:\/\/www.swiftcupeurope.com\/wp-content\/uploads\/2026\/03\/sce_2026_presentation_v3.pdf\" target=\"_blank\">\n\t\t\t\t\t\t<span class=\"elementor-button-content-wrapper\">\n\t\t\t\t\t\t<span class=\"elementor-button-text\">Download<\/span>\n\t\t<\/span>\n\t\t\t\t\t<\/a>\n\t\t<\/div>\n\t\t\t\t<\/div>\n\t\t\t\t<\/div>\n\t\t\t\t\t<\/div>\n\t\t\t\t<\/div>\n\t\t\t\t<\/div>\n\t\t\t\t\t\t\t<\/div>","protected":false},"excerpt":{"rendered":"<p>A Swift Cup Europe 2026-os szezonj\u00e1nak prezent\u00e1ci\u00f3ja.<br \/>\nSeven rounds, six countries, and two categories. This is the Swift Cup Europe season this year. <\/p>","protected":false},"author":2,"featured_media":20001,"parent":0,"menu_order":0,"comment_status":"closed","ping_status":"closed","template":"","meta":{"footnotes":""},"yoast_head":"<!-- This site is optimized with the Yoast SEO Premium plugin v21.1 (Yoast SEO v21.7) - https:\/\/yoast.com\/wordpress\/plugins\/seo\/ -->\n<title>Prezent\u00e1ci\u00f3 2026 - FIA Swift Cup Europe % %<\/title>\n<meta name=\"description\" content=\"H\u00e9t fordul\u00f3, hat orsz\u00e1g \u00e9s k\u00e9t kateg\u00f3ria. Ez a Swift Cup Europe idei szezonja. Prezent\u00e1ci\u00f3 a linken! Csatlakozz hozz\u00e1nk!Seven rounds, six countries, and two categories. This is the Swift Cup Europe season this year. Presentation at the link! Join us!\" \/>\n<meta name=\"robots\" content=\"index, follow, max-snippet:-1, max-image-preview:large, max-video-preview:-1\" \/>\n<link rel=\"canonical\" href=\"https:\/\/www.swiftcupeurope.com\/en\/prezentacio-2026\/\" \/>\n<meta property=\"og:locale\" content=\"en_US\" \/>\n<meta property=\"og:type\" content=\"article\" \/>\n<meta property=\"og:title\" content=\"Prezent\u00e1ci\u00f3 2026\" \/>\n<meta property=\"og:description\" content=\"A Swift Cup Europe 2026-os szezonj\u00e1nak prezent\u00e1ci\u00f3ja.Seven rounds, six countries, and two categories. This is the Swift Cup Europe season this year.\" \/>\n<meta property=\"og:url\" content=\"https:\/\/www.swiftcupeurope.com\/en\/prezentacio-2026\/\" \/>\n<meta property=\"og:site_name\" content=\"FIA Swift Cup Europe\" \/>\n<meta property=\"article:modified_time\" content=\"2026-03-17T20:48:28+00:00\" \/>\n<meta property=\"og:image\" content=\"https:\/\/www.swiftcupeurope.com\/wp-content\/uploads\/2026\/03\/SCE2026_EN_01-scaled.jpg\" \/>\n\t<meta property=\"og:image:width\" content=\"2560\" \/>\n\t<meta property=\"og:image:height\" content=\"1440\" \/>\n\t<meta property=\"og:image:type\" content=\"image\/jpeg\" \/>\n<meta name=\"twitter:card\" content=\"summary_large_image\" \/>\n<meta name=\"twitter:description\" content=\"A Swift Cup Europe 2026-os szezonj\u00e1nak prezent\u00e1ci\u00f3ja.Seven rounds, six countries, and two categories. This is the Swift Cup Europe season this year.\" \/>\n<meta name=\"twitter:label1\" content=\"Est. reading time\" \/>\n\t<meta name=\"twitter:data1\" content=\"3 minutes\" \/>\n<script type=\"application\/ld+json\" class=\"yoast-schema-graph\">{\"@context\":\"https:\/\/schema.org\",\"@graph\":[{\"@type\":\"WebPage\",\"@id\":\"https:\/\/www.swiftcupeurope.com\/prezentacio-2026\/\",\"url\":\"https:\/\/www.swiftcupeurope.com\/prezentacio-2026\/\",\"name\":\"Prezent\u00e1ci\u00f3 2026 - FIA Swift Cup Europe % %\",\"isPartOf\":{\"@id\":\"https:\/\/www.swiftcupeurope.com\/#website\"},\"datePublished\":\"2026-03-17T11:09:27+00:00\",\"dateModified\":\"2026-03-17T20:48:28+00:00\",\"description\":\"H\u00e9t fordul\u00f3, hat orsz\u00e1g \u00e9s k\u00e9t kateg\u00f3ria. Ez a Swift Cup Europe idei szezonja. Prezent\u00e1ci\u00f3 a linken! Csatlakozz hozz\u00e1nk!Seven rounds, six countries, and two categories. This is the Swift Cup Europe season this year. Presentation at the link! Join us!\",\"breadcrumb\":{\"@id\":\"https:\/\/www.swiftcupeurope.com\/prezentacio-2026\/#breadcrumb\"},\"inLanguage\":\"en-US\",\"potentialAction\":[{\"@type\":\"ReadAction\",\"target\":[\"https:\/\/www.swiftcupeurope.com\/prezentacio-2026\/\"]}]},{\"@type\":\"BreadcrumbList\",\"@id\":\"https:\/\/www.swiftcupeurope.com\/prezentacio-2026\/#breadcrumb\",\"itemListElement\":[{\"@type\":\"ListItem\",\"position\":1,\"name\":\"Kezd\u0151lap\",\"item\":\"https:\/\/www.swiftcupeurope.com\/\"},{\"@type\":\"ListItem\",\"position\":2,\"name\":\"Prezent\u00e1ci\u00f3 2026\"}]},{\"@type\":\"WebSite\",\"@id\":\"https:\/\/www.swiftcupeurope.com\/#website\",\"url\":\"https:\/\/www.swiftcupeurope.com\/\",\"name\":\"FIA Swift Cup Europe\",\"description\":\"FIA Swift Cup Europe \/ Official Website\",\"publisher\":{\"@id\":\"https:\/\/www.swiftcupeurope.com\/#organization\"},\"potentialAction\":[{\"@type\":\"SearchAction\",\"target\":{\"@type\":\"EntryPoint\",\"urlTemplate\":\"https:\/\/www.swiftcupeurope.com\/?s={search_term_string}\"},\"query-input\":\"required name=search_term_string\"}],\"inLanguage\":\"en-US\"},{\"@type\":\"Organization\",\"@id\":\"https:\/\/www.swiftcupeurope.com\/#organization\",\"name\":\"FIA Swift Cup Europe\",\"url\":\"https:\/\/www.swiftcupeurope.com\/\",\"logo\":{\"@type\":\"ImageObject\",\"inLanguage\":\"en-US\",\"@id\":\"https:\/\/www.swiftcupeurope.com\/#\/schema\/logo\/image\/\",\"url\":\"https:\/\/www.swiftcupeurope.com\/wp-content\/uploads\/2021\/04\/cropped-sce_logo_2021inv.png\",\"contentUrl\":\"https:\/\/www.swiftcupeurope.com\/wp-content\/uploads\/2021\/04\/cropped-sce_logo_2021inv.png\",\"width\":600,\"height\":120,\"caption\":\"FIA Swift Cup Europe\"},\"image\":{\"@id\":\"https:\/\/www.swiftcupeurope.com\/#\/schema\/logo\/image\/\"}}]}<\/script>\n<!-- \/ Yoast SEO Premium plugin. -->","yoast_head_json":{"title":"Prezent\u00e1ci\u00f3 2026 - FIA Swift Cup Europe % %","description":"H\u00e9t fordul\u00f3, hat orsz\u00e1g \u00e9s k\u00e9t kateg\u00f3ria. Ez a Swift Cup Europe idei szezonja. Prezent\u00e1ci\u00f3 a linken! Csatlakozz hozz\u00e1nk!Seven rounds, six countries, and two categories. This is the Swift Cup Europe season this year. Presentation at the link! Join us!","robots":{"index":"index","follow":"follow","max-snippet":"max-snippet:-1","max-image-preview":"max-image-preview:large","max-video-preview":"max-video-preview:-1"},"canonical":"https:\/\/www.swiftcupeurope.com\/en\/prezentacio-2026\/","og_locale":"en_US","og_type":"article","og_title":"Prezent\u00e1ci\u00f3 2026","og_description":"A Swift Cup Europe 2026-os szezonj\u00e1nak prezent\u00e1ci\u00f3ja.Seven rounds, six countries, and two categories. This is the Swift Cup Europe season this year.","og_url":"https:\/\/www.swiftcupeurope.com\/en\/prezentacio-2026\/","og_site_name":"FIA Swift Cup Europe","article_modified_time":"2026-03-17T20:48:28+00:00","og_image":[{"width":2560,"height":1440,"url":"https:\/\/www.swiftcupeurope.com\/wp-content\/uploads\/2026\/03\/SCE2026_EN_01-scaled.jpg","type":"image\/jpeg"}],"twitter_card":"summary_large_image","twitter_description":"A Swift Cup Europe 2026-os szezonj\u00e1nak prezent\u00e1ci\u00f3ja.Seven rounds, six countries, and two categories. This is the Swift Cup Europe season this year.","twitter_misc":{"Est. reading time":"3 minutes"},"schema":{"@context":"https:\/\/schema.org","@graph":[{"@type":"WebPage","@id":"https:\/\/www.swiftcupeurope.com\/prezentacio-2026\/","url":"https:\/\/www.swiftcupeurope.com\/prezentacio-2026\/","name":"Prezent\u00e1ci\u00f3 2026 - FIA Swift Cup Europe % %","isPartOf":{"@id":"https:\/\/www.swiftcupeurope.com\/#website"},"datePublished":"2026-03-17T11:09:27+00:00","dateModified":"2026-03-17T20:48:28+00:00","description":"H\u00e9t fordul\u00f3, hat orsz\u00e1g \u00e9s k\u00e9t kateg\u00f3ria. Ez a Swift Cup Europe idei szezonja. Prezent\u00e1ci\u00f3 a linken! Csatlakozz hozz\u00e1nk!Seven rounds, six countries, and two categories. This is the Swift Cup Europe season this year. Presentation at the link! Join us!","breadcrumb":{"@id":"https:\/\/www.swiftcupeurope.com\/prezentacio-2026\/#breadcrumb"},"inLanguage":"en-US","potentialAction":[{"@type":"ReadAction","target":["https:\/\/www.swiftcupeurope.com\/prezentacio-2026\/"]}]},{"@type":"BreadcrumbList","@id":"https:\/\/www.swiftcupeurope.com\/prezentacio-2026\/#breadcrumb","itemListElement":[{"@type":"ListItem","position":1,"name":"Kezd\u0151lap","item":"https:\/\/www.swiftcupeurope.com\/"},{"@type":"ListItem","position":2,"name":"Prezent\u00e1ci\u00f3 2026"}]},{"@type":"WebSite","@id":"https:\/\/www.swiftcupeurope.com\/#website","url":"https:\/\/www.swiftcupeurope.com\/","name":"FIA Swift Cup Europe","description":"FIA Swift Cup Europe \/ Official Website","publisher":{"@id":"https:\/\/www.swiftcupeurope.com\/#organization"},"potentialAction":[{"@type":"SearchAction","target":{"@type":"EntryPoint","urlTemplate":"https:\/\/www.swiftcupeurope.com\/?s={search_term_string}"},"query-input":"required name=search_term_string"}],"inLanguage":"en-US"},{"@type":"Organization","@id":"https:\/\/www.swiftcupeurope.com\/#organization","name":"FIA Swift Cup Europe","url":"https:\/\/www.swiftcupeurope.com\/","logo":{"@type":"ImageObject","inLanguage":"en-US","@id":"https:\/\/www.swiftcupeurope.com\/#\/schema\/logo\/image\/","url":"https:\/\/www.swiftcupeurope.com\/wp-content\/uploads\/2021\/04\/cropped-sce_logo_2021inv.png","contentUrl":"https:\/\/www.swiftcupeurope.com\/wp-content\/uploads\/2021\/04\/cropped-sce_logo_2021inv.png","width":600,"height":120,"caption":"FIA Swift Cup Europe"},"image":{"@id":"https:\/\/www.swiftcupeurope.com\/#\/schema\/logo\/image\/"}}]}},"_links":{"self":[{"href":"https:\/\/www.swiftcupeurope.com\/en\/wp-json\/wp\/v2\/pages\/19999"}],"collection":[{"href":"https:\/\/www.swiftcupeurope.com\/en\/wp-json\/wp\/v2\/pages"}],"about":[{"href":"https:\/\/www.swiftcupeurope.com\/en\/wp-json\/wp\/v2\/types\/page"}],"author":[{"embeddable":true,"href":"https:\/\/www.swiftcupeurope.com\/en\/wp-json\/wp\/v2\/users\/2"}],"replies":[{"embeddable":true,"href":"https:\/\/www.swiftcupeurope.com\/en\/wp-json\/wp\/v2\/comments?post=19999"}],"version-history":[{"count":8,"href":"https:\/\/www.swiftcupeurope.com\/en\/wp-json\/wp\/v2\/pages\/19999\/revisions"}],"predecessor-version":[{"id":20025,"href":"https:\/\/www.swiftcupeurope.com\/en\/wp-json\/wp\/v2\/pages\/19999\/revisions\/20025"}],"wp:featuredmedia":[{"embeddable":true,"href":"https:\/\/www.swiftcupeurope.com\/en\/wp-json\/wp\/v2\/media\/20001"}],"wp:attachment":[{"href":"https:\/\/www.swiftcupeurope.com\/en\/wp-json\/wp\/v2\/media?parent=19999"}],"curies":[{"name":"wp","href":"https:\/\/api.w.org\/{rel}","templated":true}]}}